{"id":2,"date":"2010-05-27T13:11:31","date_gmt":"2010-05-27T13:11:31","guid":{"rendered":"http:\/\/www.stefanie-siebers.de\/?page_id=2"},"modified":"2013-02-18T17:14:31","modified_gmt":"2013-02-18T17:14:31","slug":"eine-seite","status":"publish","type":"page","link":"http:\/\/www.stefanie-siebers.de\/?page_id=2","title":{"rendered":"Vita"},"content":{"rendered":"<table style=\"height: 492px;\" border=\"0\" width=\"1004\">\n<tbody>\n<tr>\n<td colspan=\"2\" valign=\"top\"><img decoding=\"async\" loading=\"lazy\" class=\"alignleft size-full wp-image-40\" title=\"Stefanie Siebers\" src=\"http:\/\/www.stefanie-siebers.de\/wp-content\/uploads\/2010\/05\/210110_18.jpg\" alt=\"\" width=\"247\" height=\"372\" srcset=\"http:\/\/www.stefanie-siebers.de\/wp-content\/uploads\/2010\/05\/210110_18.jpg 512w, http:\/\/www.stefanie-siebers.de\/wp-content\/uploads\/2010\/05\/210110_18-200x300.jpg 200w\" sizes=\"(max-width: 247px) 100vw, 247px\" \/><\/td>\n<td valign=\"top\">Stefanie Siebers<\/p>\n<p>* 15.1.1970<br \/>\nin Wuppertal, 1,68 m\/schlank, dunkelblond, grau-gr\u00fcne Augen<\/p>\n<p>1991-1995<br \/>\nSchauspielstudium an der Hochschule f\u00fcr Musik und Theater, Hannover<\/p>\n<p>1995-1998<br \/>\nSchauspielerin an den Westf\u00e4lischen Kammerspielen, Paderborn<\/p>\n<p>1998-2000<br \/>\nfreischaffende Schauspielerin in K\u00f6ln<\/p>\n<p>2000-2001<br \/>\n\u201eBabypause I\u201c<\/p>\n<p>2001-2002<br \/>\nGastschauspielerin an der Burghofb\u00fchne, Dinslaken<\/p>\n<p>2003<br \/>\n\u201eBabypause II\u201c<\/p>\n<p>2004, 2005, 2006<br \/>\nGastschauspielerin an den Westf\u00e4lischen Kammerspielen, Paderborn<\/p>\n<p>2006\/2007<br \/>\nGastschauspielerin an der Klib\u00fchni, Chur<\/p>\n<p>seit 2007<br \/>\nEnsemblemitglied beim <a href=\"http:\/\/www.theater-die-mimosen.de\" target=\"_blank\">Theater Die Mimosen<\/a>, D\u00fcsseldorf<\/p>\n<p>Sonstiges<br \/>\nSteptanz, Tango, Reiten, Skifahren, F\u00fchrerschein Klasse 3<\/p>\n<p>seit 2002<br \/>\nDozentin f\u00fcr Sprecherziehung und Schauspiel an der Musikhochschule K\u00f6ln, Abteilung Wuppertal<\/td>\n<\/tr>\n<\/tbody>\n<\/table>\n","protected":false},"excerpt":{"rendered":"<p>Stefanie Siebers * 15.1.1970 in Wuppertal, 1,68 m\/schlank, dunkelblond, grau-gr\u00fcne Augen 1991-1995 Schauspielstudium an der Hochschule f\u00fcr Musik und Theater, Hannover 1995-1998 Schauspielerin an den Westf\u00e4lischen Kammerspielen, Paderborn 1998-2000 freischaffende Schauspielerin in K\u00f6ln 2000-2001 \u201eBabypause I\u201c 2001-2002 Gastschauspielerin an der Burghofb\u00fchne, Dinslaken 2003 \u201eBabypause II\u201c 2004, 2005, 2006 Gastschauspielerin an den Westf\u00e4lischen Kammerspielen, Paderborn 2006\/2007 [&hellip;]<\/p>\n","protected":false},"author":1,"featured_media":0,"parent":0,"menu_order":3,"comment_status":"closed","ping_status":"closed","template":"","meta":{"ngg_post_thumbnail":0,"footnotes":""},"_links":{"self":[{"href":"http:\/\/www.stefanie-siebers.de\/index.php?rest_route=\/wp\/v2\/pages\/2"}],"collection":[{"href":"http:\/\/www.stefanie-siebers.de\/index.php?rest_route=\/wp\/v2\/pages"}],"about":[{"href":"http:\/\/www.stefanie-siebers.de\/index.php?rest_route=\/wp\/v2\/types\/page"}],"author":[{"embeddable":true,"href":"http:\/\/www.stefanie-siebers.de\/index.php?rest_route=\/wp\/v2\/users\/1"}],"replies":[{"embeddable":true,"href":"http:\/\/www.stefanie-siebers.de\/index.php?rest_route=%2Fwp%2Fv2%2Fcomments&post=2"}],"version-history":[{"count":14,"href":"http:\/\/www.stefanie-siebers.de\/index.php?rest_route=\/wp\/v2\/pages\/2\/revisions"}],"predecessor-version":[{"id":39,"href":"http:\/\/www.stefanie-siebers.de\/index.php?rest_route=\/wp\/v2\/pages\/2\/revisions\/39"}],"wp:attachment":[{"href":"http:\/\/www.stefanie-siebers.de\/index.php?rest_route=%2Fwp%2Fv2%2Fmedia&parent=2"}],"curies":[{"name":"wp","href":"https:\/\/api.w.org\/{rel}","templated":true}]}}